{"id":18701,"date":"2024-11-14T15:11:41","date_gmt":"2024-11-14T15:11:41","guid":{"rendered":"https:\/\/goglobalstd.wpengine.com\/securite-mondiale\/"},"modified":"2025-12-12T13:08:19","modified_gmt":"2025-12-12T13:08:19","slug":"politique-de-securite","status":"publish","type":"page","link":"https:\/\/www.goglobal-consulting.com\/fr\/politique-de-securite\/","title":{"rendered":"S\u00e9curit\u00e9 mondiale"},"content":{"rendered":"\t\t<div data-elementor-type=\"wp-page\" data-elementor-id=\"18701\" class=\"elementor elementor-18701 elementor-18698\" data-elementor-post-type=\"page\">\n\t\t\t\t\t\t<section class=\"elementor-section elementor-top-section elementor-element elementor-element-7f9fd84 elementor-section-boxed elementor-section-height-default elementor-section-height-default\" data-id=\"7f9fd84\" data-element_type=\"section\">\n\t\t\t\t\t\t<div class=\"elementor-container elementor-column-gap-default\">\n\t\t\t\t\t<div class=\"elementor-column elementor-col-100 elementor-top-column elementor-element elementor-element-6819007\" data-id=\"6819007\" data-element_type=\"column\">\n\t\t\t<div class=\"elementor-widget-wrap elementor-element-populated\">\n\t\t\t\t\t\t<div class=\"elementor-element elementor-element-cada87b elementor-widget elementor-widget-heading\" data-id=\"cada87b\" data-element_type=\"widget\" data-widget_type=\"heading.default\">\n\t\t\t\t<div class=\"elementor-widget-container\">\n\t\t\t<h2 class=\"elementor-heading-title elementor-size-default\">S\u00e9curit\u00e9 mondiale<\/h2>\t\t<\/div>\n\t\t\t\t<\/div>\n\t\t\t\t<div class=\"elementor-element elementor-element-efbf469 elementor-widget-divider--view-line elementor-widget elementor-widget-divider\" data-id=\"efbf469\" data-element_type=\"widget\" data-widget_type=\"divider.default\">\n\t\t\t\t<div class=\"elementor-widget-container\">\n\t\t\t\t\t<div class=\"elementor-divider\">\n\t\t\t<span class=\"elementor-divider-separator\">\n\t\t\t\t\t\t<\/span>\n\t\t<\/div>\n\t\t\t\t<\/div>\n\t\t\t\t<\/div>\n\t\t\t\t<div class=\"elementor-element elementor-element-9b63295 elementor-widget elementor-widget-text-editor\" data-id=\"9b63295\" data-element_type=\"widget\" data-widget_type=\"text-editor.default\">\n\t\t\t\t<div class=\"elementor-widget-container\">\n\t\t\t\t\t\t\t<p>Go Global reconna\u00eet formellement l\u2019importance de l\u2019information des clients et de sa propre information en tant qu\u2019atout critique et essentiel pour le d\u00e9veloppement normal des activit\u00e9s.<\/p>\n<p>Par cons\u00e9quent, la s\u00e9curit\u00e9 de ces informations est consid\u00e9r\u00e9e comme un aspect strat\u00e9gique et repose sur les principes suivants :<\/p>\n\t\t\t\t\t\t<\/div>\n\t\t\t\t<\/div>\n\t\t\t\t<div class=\"elementor-element elementor-element-3e76146 elementor-widget elementor-widget-text-editor\" data-id=\"3e76146\" data-element_type=\"widget\" data-widget_type=\"text-editor.default\">\n\t\t\t\t<div class=\"elementor-widget-container\">\n\t\t\t\t\t\t\t<ul>\n<li><strong>Confidentialit\u00e9:<\/strong> Nous veillons \u00e0 ce que seules les personnes autoris\u00e9es aient acc\u00e8s aux informations.<\/li>\n<\/ul>\n<div> <\/div>\n<ul>\n<li><strong>Int\u00e9grit\u00e9:<\/strong> Nous maintenons l\u2019exactitude et l\u2019exhaustivit\u00e9 des informations ainsi que les m\u00e9thodes de traitement.<\/li>\n<\/ul>\n<div> <\/div>\n<ul>\n<li><strong>Disponibilit\u00e9:<\/strong> Nous veillons \u00e0 ce que les utilisateurs autoris\u00e9s aient acc\u00e8s aux informations et aux ressources associ\u00e9es lorsque cela est n\u00e9cessaire.<\/li>\n<\/ul>\n<div> <\/div>\n<ul>\n<li><strong>Conformit\u00e9 l\u00e9gale:<\/strong> Nous veillons \u00e0 respecter toutes les exigences l\u00e9gales, r\u00e9glementaires et contractuelles li\u00e9es \u00e0 la s\u00e9curit\u00e9 de l\u2019information.<\/li>\n<\/ul>\n<div> <\/div>\n<ul>\n<li><strong>Am\u00e9lioration continue:<\/strong> Nous veillons \u00e0 ce que des ajustements constants soient effectu\u00e9s pour am\u00e9liorer tous les aspects de la s\u00e9curit\u00e9 et des processus connexes afin d\u2019augmenter continuellement les niveaux de notre structure de s\u00e9curit\u00e9 et la gestion des risques associ\u00e9s.<\/li>\n<\/ul>\n<ul>\n<li style=\"font-weight: 400;\" aria-level=\"1\"><b>Formation continue :<\/b> <span style=\"font-weight: 400;\">Go Global s&rsquo;efforce de fournir \u00e0 ses employ\u00e9s une formation continue sur tous les aspects de la s\u00e9curit\u00e9 de l&rsquo;information afin de l&rsquo;int\u00e9grer \u00e0 la culture d&rsquo;entreprise et de leur transmettre les connaissances n\u00e9cessaires pour garantir sa pr\u00e9sence dans tous les processus op\u00e9rationnels.<\/span><\/li>\n<\/ul>\n<ul>\n<li><b>Continuit\u00e9 des processus :<\/b> <span style=\"font-weight: 400;\">la mise en \u0153uvre des meilleures pratiques en mati\u00e8re de protection des ressources, des actifs et des processus nous permet de garantir la continuit\u00e9 des processus m\u00e9tier critiques.<\/span><\/li>\n<\/ul>\n<div> <\/div>\n<div> <\/div>\n<div> <\/div>\n\t\t\t\t\t\t<\/div>\n\t\t\t\t<\/div>\n\t\t\t\t<div class=\"elementor-element elementor-element-350c41b elementor-widget elementor-widget-text-editor\" data-id=\"350c41b\" data-element_type=\"widget\" data-widget_type=\"text-editor.default\">\n\t\t\t\t<div class=\"elementor-widget-container\">\n\t\t\t\t\t\t\t<p>Pour atteindre ces objectifs, nous avons \u00e9tabli un cadre de gestion qui guidera et garantira un processus de gestion des risques ax\u00e9 sur la s\u00e9curit\u00e9 de l\u2019information, adapt\u00e9 aux besoins de l\u2019organisation et conforme \u00e0 la norme ISO\/IEC 27001:2022.<\/p>\n<p>Les r\u00e9sultats de ce travail sont inclus dans le manuel de s\u00e9curit\u00e9 de l\u2019information, qui fa\u00e7onne le statut de conformit\u00e9 de Go Global.<\/p>\n\t\t\t\t\t\t<\/div>\n\t\t\t\t<\/div>\n\t\t\t\t<div class=\"elementor-element elementor-element-6c46bf1 elementor-widget elementor-widget-text-editor\" data-id=\"6c46bf1\" data-element_type=\"widget\" data-widget_type=\"text-editor.default\">\n\t\t\t\t<div class=\"elementor-widget-container\">\n\t\t\t\t\t\t\t<ul>\n<li><strong>Parties responsables de la conformit\u00e9<\/strong><br \/>Tout le personnel de Go Global et les tiers interagissant de fa\u00e7on r\u00e9guli\u00e8re ou occasionnelle, qui acc\u00e8dent \u00e0 des informations sensibles et\/ou \u00e0 des ressources informatiques dans le cadre de leurs fonctions normales.<\/li>\n<\/ul>\n<div> <\/div>\n<ul>\n<li><strong>Non-conformit\u00e9<\/strong><br \/>Les mesures disciplinaires en cas de non-respect des r\u00e8glements d\u00e9crits dans ce cadre sont \u00e9tablies par Go Global Management.<\/li>\n<\/ul>\n<div> <\/div>\n<ul>\n<li><strong>Mise \u00e0 jour des politiques, des r\u00e8glements, des proc\u00e9dures et des normes<\/strong><br \/>Go Global Board est charg\u00e9 d\u2019approuver le cadre r\u00e9glementaire et le manuel de s\u00e9curit\u00e9 de l\u2019information, ainsi que toute modification \u00e9ventuelle.<\/li>\n<\/ul>\n<div> <\/div>\n<ul>\n<li><strong>Crit\u00e8re de classification<\/strong><br \/>Ce document est consid\u00e9r\u00e9 comme public.<\/li>\n<\/ul>\n<div> <\/div>\n\t\t\t\t\t\t<\/div>\n\t\t\t\t<\/div>\n\t\t\t\t\t<\/div>\n\t\t<\/div>\n\t\t\t\t\t<\/div>\n\t\t<\/section>\n\t\t\t\t<\/div>\n\t\t","protected":false},"excerpt":{"rendered":"<p>S\u00e9curit\u00e9 mondiale Go Global reconna\u00eet formellement l\u2019importance de l\u2019information des clients et de sa propre information en tant qu\u2019atout critique et essentiel pour le d\u00e9veloppement normal des activit\u00e9s. Par cons\u00e9quent, la s\u00e9curit\u00e9 de ces informations est consid\u00e9r\u00e9e comme un aspect strat\u00e9gique et repose sur les principes suivants : Confidentialit\u00e9: Nous veillons \u00e0 ce que seules [&hellip;]<\/p>\n","protected":false},"author":2,"featured_media":0,"parent":0,"menu_order":0,"comment_status":"closed","ping_status":"closed","template":"","meta":{"content-type":"","footnotes":""},"class_list":["post-18701","page","type-page","status-publish","hentry"],"yoast_head":"<!-- This site is optimized with the Yoast SEO plugin v27.5 - https:\/\/yoast.com\/product\/yoast-seo-wordpress\/ -->\n<title>S\u00e9curit\u00e9 mondiale &#183; Go Global<\/title>\n<meta name=\"robots\" content=\"index, follow, max-snippet:-1, max-image-preview:large, max-video-preview:-1\" \/>\n<link rel=\"canonical\" href=\"https:\/\/www.goglobal-consulting.com\/fr\/politique-de-securite\/\" \/>\n<meta property=\"og:locale\" content=\"fr_FR\" \/>\n<meta property=\"og:type\" content=\"article\" \/>\n<meta property=\"og:title\" content=\"S\u00e9curit\u00e9 mondiale &#183; Go Global\" \/>\n<meta property=\"og:description\" content=\"S\u00e9curit\u00e9 mondiale Go Global reconna\u00eet formellement l\u2019importance de l\u2019information des clients et de sa propre information en tant qu\u2019atout critique et essentiel pour le d\u00e9veloppement normal des activit\u00e9s. Par cons\u00e9quent, la s\u00e9curit\u00e9 de ces informations est consid\u00e9r\u00e9e comme un aspect strat\u00e9gique et repose sur les principes suivants : Confidentialit\u00e9: Nous veillons \u00e0 ce que seules [&hellip;]\" \/>\n<meta property=\"og:url\" content=\"https:\/\/www.goglobal-consulting.com\/fr\/politique-de-securite\/\" \/>\n<meta property=\"og:site_name\" content=\"Go Global\" \/>\n<meta property=\"article:publisher\" content=\"https:\/\/www.facebook.com\/GoGlobalConsulting\/\" \/>\n<meta property=\"article:modified_time\" content=\"2025-12-12T13:08:19+00:00\" \/>\n<meta property=\"og:image\" content=\"https:\/\/www.goglobal-consulting.com\/wp-content\/uploads\/2021\/01\/Go-global-vertical-referencia.jpg\" \/>\n\t<meta property=\"og:image:width\" content=\"1\" \/>\n\t<meta property=\"og:image:height\" content=\"1\" \/>\n\t<meta property=\"og:image:type\" content=\"image\/jpeg\" \/>\n<meta name=\"twitter:card\" content=\"summary_large_image\" \/>\n<meta name=\"twitter:label1\" content=\"Dur\u00e9e de lecture estim\u00e9e\" \/>\n\t<meta name=\"twitter:data1\" content=\"2 minutes\" \/>\n<script type=\"application\/ld+json\" class=\"yoast-schema-graph\">{\"@context\":\"https:\\\/\\\/schema.org\",\"@graph\":[{\"@type\":\"WebPage\",\"@id\":\"https:\\\/\\\/www.goglobal-consulting.com\\\/fr\\\/politique-de-securite\\\/\",\"url\":\"https:\\\/\\\/www.goglobal-consulting.com\\\/fr\\\/politique-de-securite\\\/\",\"name\":\"S\u00e9curit\u00e9 mondiale &#183; Go Global\",\"isPartOf\":{\"@id\":\"https:\\\/\\\/www.goglobal-consulting.com\\\/fr\\\/#website\"},\"datePublished\":\"2024-11-14T15:11:41+00:00\",\"dateModified\":\"2025-12-12T13:08:19+00:00\",\"breadcrumb\":{\"@id\":\"https:\\\/\\\/www.goglobal-consulting.com\\\/fr\\\/politique-de-securite\\\/#breadcrumb\"},\"inLanguage\":\"fr-FR\",\"potentialAction\":[{\"@type\":\"ReadAction\",\"target\":[\"https:\\\/\\\/www.goglobal-consulting.com\\\/fr\\\/politique-de-securite\\\/\"]}]},{\"@type\":\"BreadcrumbList\",\"@id\":\"https:\\\/\\\/www.goglobal-consulting.com\\\/fr\\\/politique-de-securite\\\/#breadcrumb\",\"itemListElement\":[{\"@type\":\"ListItem\",\"position\":1,\"name\":\"Home\",\"item\":\"https:\\\/\\\/www.goglobal-consulting.com\\\/fr\\\/\"},{\"@type\":\"ListItem\",\"position\":2,\"name\":\"S\u00e9curit\u00e9 mondiale\"}]},{\"@type\":\"WebSite\",\"@id\":\"https:\\\/\\\/www.goglobal-consulting.com\\\/fr\\\/#website\",\"url\":\"https:\\\/\\\/www.goglobal-consulting.com\\\/fr\\\/\",\"name\":\"Go Global\",\"description\":\"\",\"publisher\":{\"@id\":\"https:\\\/\\\/www.goglobal-consulting.com\\\/fr\\\/#organization\"},\"potentialAction\":[{\"@type\":\"SearchAction\",\"target\":{\"@type\":\"EntryPoint\",\"urlTemplate\":\"https:\\\/\\\/www.goglobal-consulting.com\\\/fr\\\/?s={search_term_string}\"},\"query-input\":{\"@type\":\"PropertyValueSpecification\",\"valueRequired\":true,\"valueName\":\"search_term_string\"}}],\"inLanguage\":\"fr-FR\"},{\"@type\":\"Organization\",\"@id\":\"https:\\\/\\\/www.goglobal-consulting.com\\\/fr\\\/#organization\",\"name\":\"Go Global\",\"url\":\"https:\\\/\\\/www.goglobal-consulting.com\\\/fr\\\/\",\"logo\":{\"@type\":\"ImageObject\",\"inLanguage\":\"fr-FR\",\"@id\":\"https:\\\/\\\/www.goglobal-consulting.com\\\/fr\\\/#\\\/schema\\\/logo\\\/image\\\/\",\"url\":\"https:\\\/\\\/www.goglobal-consulting.com\\\/wp-content\\\/uploads\\\/2021\\\/01\\\/gghorizmedia-1.png\",\"contentUrl\":\"https:\\\/\\\/www.goglobal-consulting.com\\\/wp-content\\\/uploads\\\/2021\\\/01\\\/gghorizmedia-1.png\",\"width\":923,\"height\":193,\"caption\":\"Go Global\"},\"image\":{\"@id\":\"https:\\\/\\\/www.goglobal-consulting.com\\\/fr\\\/#\\\/schema\\\/logo\\\/image\\\/\"},\"sameAs\":[\"https:\\\/\\\/www.facebook.com\\\/GoGlobalConsulting\\\/\",\"https:\\\/\\\/www.linkedin.com\\\/company\\\/go-global---language-consulting\\\/\"]}]}<\/script>\n<!-- \/ Yoast SEO plugin. -->","yoast_head_json":{"title":"S\u00e9curit\u00e9 mondiale &#183; Go Global","robots":{"index":"index","follow":"follow","max-snippet":"max-snippet:-1","max-image-preview":"max-image-preview:large","max-video-preview":"max-video-preview:-1"},"canonical":"https:\/\/www.goglobal-consulting.com\/fr\/politique-de-securite\/","og_locale":"fr_FR","og_type":"article","og_title":"S\u00e9curit\u00e9 mondiale &#183; Go Global","og_description":"S\u00e9curit\u00e9 mondiale Go Global reconna\u00eet formellement l\u2019importance de l\u2019information des clients et de sa propre information en tant qu\u2019atout critique et essentiel pour le d\u00e9veloppement normal des activit\u00e9s. Par cons\u00e9quent, la s\u00e9curit\u00e9 de ces informations est consid\u00e9r\u00e9e comme un aspect strat\u00e9gique et repose sur les principes suivants : Confidentialit\u00e9: Nous veillons \u00e0 ce que seules [&hellip;]","og_url":"https:\/\/www.goglobal-consulting.com\/fr\/politique-de-securite\/","og_site_name":"Go Global","article_publisher":"https:\/\/www.facebook.com\/GoGlobalConsulting\/","article_modified_time":"2025-12-12T13:08:19+00:00","og_image":[{"url":"https:\/\/www.goglobal-consulting.com\/wp-content\/uploads\/2021\/01\/Go-global-vertical-referencia.jpg","width":1,"height":1,"type":"image\/jpeg"}],"twitter_card":"summary_large_image","twitter_misc":{"Dur\u00e9e de lecture estim\u00e9e":"2 minutes"},"schema":{"@context":"https:\/\/schema.org","@graph":[{"@type":"WebPage","@id":"https:\/\/www.goglobal-consulting.com\/fr\/politique-de-securite\/","url":"https:\/\/www.goglobal-consulting.com\/fr\/politique-de-securite\/","name":"S\u00e9curit\u00e9 mondiale &#183; Go Global","isPartOf":{"@id":"https:\/\/www.goglobal-consulting.com\/fr\/#website"},"datePublished":"2024-11-14T15:11:41+00:00","dateModified":"2025-12-12T13:08:19+00:00","breadcrumb":{"@id":"https:\/\/www.goglobal-consulting.com\/fr\/politique-de-securite\/#breadcrumb"},"inLanguage":"fr-FR","potentialAction":[{"@type":"ReadAction","target":["https:\/\/www.goglobal-consulting.com\/fr\/politique-de-securite\/"]}]},{"@type":"BreadcrumbList","@id":"https:\/\/www.goglobal-consulting.com\/fr\/politique-de-securite\/#breadcrumb","itemListElement":[{"@type":"ListItem","position":1,"name":"Home","item":"https:\/\/www.goglobal-consulting.com\/fr\/"},{"@type":"ListItem","position":2,"name":"S\u00e9curit\u00e9 mondiale"}]},{"@type":"WebSite","@id":"https:\/\/www.goglobal-consulting.com\/fr\/#website","url":"https:\/\/www.goglobal-consulting.com\/fr\/","name":"Go Global","description":"","publisher":{"@id":"https:\/\/www.goglobal-consulting.com\/fr\/#organization"},"potentialAction":[{"@type":"SearchAction","target":{"@type":"EntryPoint","urlTemplate":"https:\/\/www.goglobal-consulting.com\/fr\/?s={search_term_string}"},"query-input":{"@type":"PropertyValueSpecification","valueRequired":true,"valueName":"search_term_string"}}],"inLanguage":"fr-FR"},{"@type":"Organization","@id":"https:\/\/www.goglobal-consulting.com\/fr\/#organization","name":"Go Global","url":"https:\/\/www.goglobal-consulting.com\/fr\/","logo":{"@type":"ImageObject","inLanguage":"fr-FR","@id":"https:\/\/www.goglobal-consulting.com\/fr\/#\/schema\/logo\/image\/","url":"https:\/\/www.goglobal-consulting.com\/wp-content\/uploads\/2021\/01\/gghorizmedia-1.png","contentUrl":"https:\/\/www.goglobal-consulting.com\/wp-content\/uploads\/2021\/01\/gghorizmedia-1.png","width":923,"height":193,"caption":"Go Global"},"image":{"@id":"https:\/\/www.goglobal-consulting.com\/fr\/#\/schema\/logo\/image\/"},"sameAs":["https:\/\/www.facebook.com\/GoGlobalConsulting\/","https:\/\/www.linkedin.com\/company\/go-global---language-consulting\/"]}]}},"_links":{"self":[{"href":"https:\/\/www.goglobal-consulting.com\/fr\/wp-json\/wp\/v2\/pages\/18701","targetHints":{"allow":["GET"]}}],"collection":[{"href":"https:\/\/www.goglobal-consulting.com\/fr\/wp-json\/wp\/v2\/pages"}],"about":[{"href":"https:\/\/www.goglobal-consulting.com\/fr\/wp-json\/wp\/v2\/types\/page"}],"author":[{"embeddable":true,"href":"https:\/\/www.goglobal-consulting.com\/fr\/wp-json\/wp\/v2\/users\/2"}],"replies":[{"embeddable":true,"href":"https:\/\/www.goglobal-consulting.com\/fr\/wp-json\/wp\/v2\/comments?post=18701"}],"version-history":[{"count":0,"href":"https:\/\/www.goglobal-consulting.com\/fr\/wp-json\/wp\/v2\/pages\/18701\/revisions"}],"wp:attachment":[{"href":"https:\/\/www.goglobal-consulting.com\/fr\/wp-json\/wp\/v2\/media?parent=18701"}],"curies":[{"name":"wp","href":"https:\/\/api.w.org\/{rel}","templated":true}]}}