{"id":17541,"date":"2024-09-12T13:10:13","date_gmt":"2024-09-12T13:10:13","guid":{"rendered":"https:\/\/goglobalstd.wpengine.com\/consultoria\/"},"modified":"2025-06-18T07:48:44","modified_gmt":"2025-06-18T07:48:44","slug":"consultoria","status":"publish","type":"page","link":"https:\/\/www.goglobal-consulting.com\/es\/consultoria\/","title":{"rendered":"Consultor\u00eda"},"content":{"rendered":"\t\t<div data-elementor-type=\"wp-page\" data-elementor-id=\"17541\" class=\"elementor elementor-17541 elementor-17394\" data-elementor-post-type=\"page\">\n\t\t\t\t\t\t<section class=\"elementor-section elementor-top-section elementor-element elementor-element-6325877 elementor-section-content-middle elementor-section-height-min-height elementor-section-boxed elementor-section-height-default elementor-section-items-middle\" data-id=\"6325877\" data-element_type=\"section\" data-settings=\"{&quot;background_background&quot;:&quot;classic&quot;,&quot;background_motion_fx_motion_fx_scrolling&quot;:&quot;yes&quot;,&quot;background_motion_fx_translateY_effect&quot;:&quot;yes&quot;,&quot;background_motion_fx_translateY_speed&quot;:{&quot;unit&quot;:&quot;px&quot;,&quot;size&quot;:4,&quot;sizes&quot;:[]},&quot;background_motion_fx_translateY_affectedRange&quot;:{&quot;unit&quot;:&quot;%&quot;,&quot;size&quot;:&quot;&quot;,&quot;sizes&quot;:{&quot;start&quot;:0,&quot;end&quot;:100}},&quot;background_motion_fx_devices&quot;:[&quot;desktop&quot;,&quot;tablet&quot;,&quot;mobile&quot;]}\">\n\t\t\t\t\t\t<div class=\"elementor-container elementor-column-gap-no\">\n\t\t\t\t\t<div class=\"elementor-column elementor-col-100 elementor-top-column elementor-element elementor-element-4a5d5ce animated-slow elementor-invisible\" data-id=\"4a5d5ce\" data-element_type=\"column\" data-settings=\"{&quot;animation&quot;:&quot;fadeIn&quot;}\">\n\t\t\t<div class=\"elementor-widget-wrap elementor-element-populated\">\n\t\t\t\t\t\t<div class=\"elementor-element elementor-element-311317c elementor-widget elementor-widget-heading\" data-id=\"311317c\" data-element_type=\"widget\" data-widget_type=\"heading.default\">\n\t\t\t\t<div class=\"elementor-widget-container\">\n\t\t\t<h1 class=\"elementor-heading-title elementor-size-default\">CONSULTOR\u00cdA<\/h1>\t\t<\/div>\n\t\t\t\t<\/div>\n\t\t\t\t<div class=\"elementor-element elementor-element-840a39f elementor-widget-divider--view-line elementor-widget elementor-widget-divider\" data-id=\"840a39f\" data-element_type=\"widget\" data-widget_type=\"divider.default\">\n\t\t\t\t<div class=\"elementor-widget-container\">\n\t\t\t\t\t<div class=\"elementor-divider\">\n\t\t\t<span class=\"elementor-divider-separator\">\n\t\t\t\t\t\t<\/span>\n\t\t<\/div>\n\t\t\t\t<\/div>\n\t\t\t\t<\/div>\n\t\t\t\t<div class=\"elementor-element elementor-element-9d92665 elementor-widget elementor-widget-heading\" data-id=\"9d92665\" data-element_type=\"widget\" data-widget_type=\"heading.default\">\n\t\t\t\t<div class=\"elementor-widget-container\">\n\t\t\t<h1 class=\"elementor-heading-title elementor-size-default\">Servicios de consultor\u00eda para contenido multiling\u00fce<\/h1>\t\t<\/div>\n\t\t\t\t<\/div>\n\t\t\t\t<div class=\"elementor-element elementor-element-608a647 elementor-widget-mobile__width-initial elementor-widget elementor-widget-heading\" data-id=\"608a647\" data-element_type=\"widget\" data-widget_type=\"heading.default\">\n\t\t\t\t<div class=\"elementor-widget-container\">\n\t\t\t<h1 class=\"elementor-heading-title elementor-size-default\">Asesor\u00eda experta para transformar tu contenido multiling\u00fce en una ventaja competitiva<\/h1>\t\t<\/div>\n\t\t\t\t<\/div>\n\t\t\t\t<div class=\"elementor-element elementor-element-e63ac63 elementor-widget-mobile__width-initial elementor-widget elementor-widget-text-editor\" data-id=\"e63ac63\" data-element_type=\"widget\" data-widget_type=\"text-editor.default\">\n\t\t\t\t<div class=\"elementor-widget-container\">\n\t\t\t\t\t\t\t<p>Estamos para ayudarte a tomar decisiones inteligentes en la era tecnol\u00f3gica.<\/p>\t\t\t\t\t\t<\/div>\n\t\t\t\t<\/div>\n\t\t\t\t\t<\/div>\n\t\t<\/div>\n\t\t\t\t\t<\/div>\n\t\t<\/section>\n\t\t\t\t<section class=\"elementor-section elementor-top-section elementor-element elementor-element-b79b216 elementor-section-full_width elementor-section-height-default elementor-section-height-default\" data-id=\"b79b216\" data-element_type=\"section\">\n\t\t\t\t\t\t<div class=\"elementor-container elementor-column-gap-default\">\n\t\t\t\t\t<div class=\"elementor-column elementor-col-33 elementor-top-column elementor-element elementor-element-ef281d7\" data-id=\"ef281d7\" data-element_type=\"column\">\n\t\t\t<div class=\"elementor-widget-wrap elementor-element-populated\">\n\t\t\t\t\t\t<div class=\"elementor-element elementor-element-a5023d8 elementor-widget__width-initial elementor-widget elementor-widget-heading\" data-id=\"a5023d8\" data-element_type=\"widget\" data-widget_type=\"heading.default\">\n\t\t\t\t<div class=\"elementor-widget-container\">\n\t\t\t<h2 class=\"elementor-heading-title elementor-size-default\">Aseguramos que tu expansi\u00f3n global alcance su m\u00e1ximo potencial.<br><\/h2>\t\t<\/div>\n\t\t\t\t<\/div>\n\t\t\t\t<div class=\"elementor-element elementor-element-b9c4e25 elementor-widget__width-initial elementor-widget elementor-widget-text-editor\" data-id=\"b9c4e25\" data-element_type=\"widget\" data-widget_type=\"text-editor.default\">\n\t\t\t\t<div class=\"elementor-widget-container\">\n\t\t\t\t\t\t\tTenemos m\u00e1s de 15 a\u00f1os de experiencia ayudando a nuestros clientes a expandirse globalmente. Nuestro equipo de expertos en contenido global y especialistas en tecnolog\u00eda est\u00e1 para guiarte en esta era tecnol\u00f3gica. <br>\nTe ayudamos a identificar las mejores soluciones para tu negocio. \n\t\t\t\t\t\t<\/div>\n\t\t\t\t<\/div>\n\t\t\t\t\t<\/div>\n\t\t<\/div>\n\t\t\t\t<div class=\"elementor-column elementor-col-33 elementor-top-column elementor-element elementor-element-66e5980\" data-id=\"66e5980\" data-element_type=\"column\">\n\t\t\t<div class=\"elementor-widget-wrap elementor-element-populated\">\n\t\t\t\t\t\t<div class=\"elementor-element elementor-element-6444ff8 elementor-position-left elementor-widget__width-initial elementor-view-default elementor-mobile-position-top elementor-vertical-align-top elementor-widget elementor-widget-icon-box\" data-id=\"6444ff8\" data-element_type=\"widget\" data-widget_type=\"icon-box.default\">\n\t\t\t\t<div class=\"elementor-widget-container\">\n\t\t\t\t\t<div class=\"elementor-icon-box-wrapper\">\n\n\t\t\t\t\t\t<div class=\"elementor-icon-box-icon\">\n\t\t\t\t<span  class=\"elementor-icon elementor-animation-\">\n\t\t\t\t<i aria-hidden=\"true\" class=\"fas fa-headphones\"><\/i>\t\t\t\t<\/span>\n\t\t\t<\/div>\n\t\t\t\n\t\t\t\t\t\t<div class=\"elementor-icon-box-content\">\n\n\t\t\t\t\t\t\t\t\t<h3 class=\"elementor-icon-box-title\">\n\t\t\t\t\t\t<span  >\n\t\t\t\t\t\t\tAuditor\u00eda integral de contenido\t\t\t\t\t\t<\/span>\n\t\t\t\t\t<\/h3>\n\t\t\t\t\n\t\t\t\t\t\t\t\t\t<p class=\"elementor-icon-box-description\">\n\t\t\t\t\t\tMediante una auditor\u00eda completa de los contenidos, analizaremos la situaci\u00f3n actual, clasificaremos tareas y encontraremos oportunidades de crecimiento. \t\t\t\t\t<\/p>\n\t\t\t\t\n\t\t\t<\/div>\n\t\t\t\n\t\t<\/div>\n\t\t\t\t<\/div>\n\t\t\t\t<\/div>\n\t\t\t\t<div class=\"elementor-element elementor-element-b723b85 elementor-position-left elementor-widget__width-initial elementor-view-default elementor-mobile-position-top elementor-vertical-align-top elementor-widget elementor-widget-icon-box\" data-id=\"b723b85\" data-element_type=\"widget\" data-widget_type=\"icon-box.default\">\n\t\t\t\t<div class=\"elementor-widget-container\">\n\t\t\t\t\t<div class=\"elementor-icon-box-wrapper\">\n\n\t\t\t\t\t\t<div class=\"elementor-icon-box-icon\">\n\t\t\t\t<span  class=\"elementor-icon elementor-animation-\">\n\t\t\t\t<i aria-hidden=\"true\" class=\"fas fa-bolt\"><\/i>\t\t\t\t<\/span>\n\t\t\t<\/div>\n\t\t\t\n\t\t\t\t\t\t<div class=\"elementor-icon-box-content\">\n\n\t\t\t\t\t\t\t\t\t<h3 class=\"elementor-icon-box-title\">\n\t\t\t\t\t\t<span  >\n\t\t\t\t\t\t\tAutomatizaci\u00f3n de flujos de trabajo\t\t\t\t\t\t<\/span>\n\t\t\t\t\t<\/h3>\n\t\t\t\t\n\t\t\t\t\t\t\t\t\t<p class=\"elementor-icon-box-description\">\n\t\t\t\t\t\tMejora tus operaciones con nuestras soluciones avanzadas de automatizaci\u00f3n de flujos de trabajo. Aumenta la eficiencia y productividad en toda tu campa\u00f1a de expansi\u00f3n global. \t\t\t\t\t<\/p>\n\t\t\t\t\n\t\t\t<\/div>\n\t\t\t\n\t\t<\/div>\n\t\t\t\t<\/div>\n\t\t\t\t<\/div>\n\t\t\t\t\t<\/div>\n\t\t<\/div>\n\t\t\t\t<div class=\"elementor-column elementor-col-33 elementor-top-column elementor-element elementor-element-0d7fd35\" data-id=\"0d7fd35\" data-element_type=\"column\">\n\t\t\t<div class=\"elementor-widget-wrap elementor-element-populated\">\n\t\t\t\t\t\t<div class=\"elementor-element elementor-element-5c0b330 elementor-position-left elementor-widget__width-initial elementor-view-default elementor-mobile-position-top elementor-vertical-align-top elementor-widget elementor-widget-icon-box\" data-id=\"5c0b330\" data-element_type=\"widget\" data-widget_type=\"icon-box.default\">\n\t\t\t\t<div class=\"elementor-widget-container\">\n\t\t\t\t\t<div class=\"elementor-icon-box-wrapper\">\n\n\t\t\t\t\t\t<div class=\"elementor-icon-box-icon\">\n\t\t\t\t<span  class=\"elementor-icon elementor-animation-\">\n\t\t\t\t<i aria-hidden=\"true\" class=\"fas fa-magic\"><\/i>\t\t\t\t<\/span>\n\t\t\t<\/div>\n\t\t\t\n\t\t\t\t\t\t<div class=\"elementor-icon-box-content\">\n\n\t\t\t\t\t\t\t\t\t<h3 class=\"elementor-icon-box-title\">\n\t\t\t\t\t\t<span  >\n\t\t\t\t\t\t\tPreservaci\u00f3n de la voz de marca\t\t\t\t\t\t<\/span>\n\t\t\t\t\t<\/h3>\n\t\t\t\t\n\t\t\t\t\t\t\t\t\t<p class=\"elementor-icon-box-description\">\n\t\t\t\t\t\tTe ayudamos a preservar la voz de tu marca durante tu expansi\u00f3n global.\t\t\t\t\t<\/p>\n\t\t\t\t\n\t\t\t<\/div>\n\t\t\t\n\t\t<\/div>\n\t\t\t\t<\/div>\n\t\t\t\t<\/div>\n\t\t\t\t<div class=\"elementor-element elementor-element-3a0cbf0 elementor-position-left elementor-widget__width-initial elementor-view-default elementor-mobile-position-top elementor-vertical-align-top elementor-widget elementor-widget-icon-box\" data-id=\"3a0cbf0\" data-element_type=\"widget\" data-widget_type=\"icon-box.default\">\n\t\t\t\t<div class=\"elementor-widget-container\">\n\t\t\t\t\t<div class=\"elementor-icon-box-wrapper\">\n\n\t\t\t\t\t\t<div class=\"elementor-icon-box-icon\">\n\t\t\t\t<span  class=\"elementor-icon elementor-animation-\">\n\t\t\t\t<i aria-hidden=\"true\" class=\"fas fa-hand-holding-heart\"><\/i>\t\t\t\t<\/span>\n\t\t\t<\/div>\n\t\t\t\n\t\t\t\t\t\t<div class=\"elementor-icon-box-content\">\n\n\t\t\t\t\t\t\t\t\t<h3 class=\"elementor-icon-box-title\">\n\t\t\t\t\t\t<span  >\n\t\t\t\t\t\t\tDotaci\u00f3n de personal para proyectos globales de contenido\t\t\t\t\t\t<\/span>\n\t\t\t\t\t<\/h3>\n\t\t\t\t\n\t\t\t\t\t\t\t\t\t<p class=\"elementor-icon-box-description\">\n\t\t\t\t\t\tSoluciones especializadas de dotaci\u00f3n de personal para proyectos globales. Nos aseguramos que tengas acceso a los mejores talentos para atender tus necesidades de contenido. Ya sea que necesites redactores, traductores, locutores, l\u00edderes de proyectos, o ingenieros de localizaci\u00f3n, nuestro equipo puede brindarte profesionales con la experiencia necesaria para hacer realidad tu visi\u00f3n.  \t\t\t\t\t<\/p>\n\t\t\t\t\n\t\t\t<\/div>\n\t\t\t\n\t\t<\/div>\n\t\t\t\t<\/div>\n\t\t\t\t<\/div>\n\t\t\t\t\t<\/div>\n\t\t<\/div>\n\t\t\t\t\t<\/div>\n\t\t<\/section>\n\t\t\t\t<section class=\"elementor-section elementor-top-section elementor-element elementor-element-69b6600 elementor-section-boxed elementor-section-height-default elementor-section-height-default\" data-id=\"69b6600\" data-element_type=\"section\">\n\t\t\t\t\t\t<div class=\"elementor-container elementor-column-gap-default\">\n\t\t\t\t\t<div class=\"elementor-column elementor-col-100 elementor-top-column elementor-element elementor-element-f71a454\" data-id=\"f71a454\" data-element_type=\"column\">\n\t\t\t<div class=\"elementor-widget-wrap\">\n\t\t\t\t\t\t\t<\/div>\n\t\t<\/div>\n\t\t\t\t\t<\/div>\n\t\t<\/section>\n\t\t\t\t<section class=\"elementor-section elementor-top-section elementor-element elementor-element-77ebbf7 elementor-section-boxed elementor-section-height-default elementor-section-height-default\" data-id=\"77ebbf7\" data-element_type=\"section\" data-settings=\"{&quot;background_background&quot;:&quot;classic&quot;}\">\n\t\t\t\t\t\t<div class=\"elementor-container elementor-column-gap-default\">\n\t\t\t\t\t<div class=\"elementor-column elementor-col-50 elementor-top-column elementor-element elementor-element-fd147a9\" data-id=\"fd147a9\" data-element_type=\"column\">\n\t\t\t<div class=\"elementor-widget-wrap elementor-element-populated\">\n\t\t\t\t\t\t<div class=\"elementor-element elementor-element-efd000b elementor-widget__width-initial elementor-widget elementor-widget-heading\" data-id=\"efd000b\" data-element_type=\"widget\" data-widget_type=\"heading.default\">\n\t\t\t\t<div class=\"elementor-widget-container\">\n\t\t\t<h2 class=\"elementor-heading-title elementor-size-default\">Conoce a nuestro equipo.<\/h2>\t\t<\/div>\n\t\t\t\t<\/div>\n\t\t\t\t\t<\/div>\n\t\t<\/div>\n\t\t\t\t<div class=\"elementor-column elementor-col-50 elementor-top-column elementor-element elementor-element-9700bfe\" data-id=\"9700bfe\" data-element_type=\"column\">\n\t\t\t<div class=\"elementor-widget-wrap elementor-element-populated\">\n\t\t\t\t\t\t<div class=\"elementor-element elementor-element-0409a0b elementor-widget__width-initial elementor-widget elementor-widget-text-editor\" data-id=\"0409a0b\" data-element_type=\"widget\" data-widget_type=\"text-editor.default\">\n\t\t\t\t<div class=\"elementor-widget-container\">\n\t\t\t\t\t\t\t<p>Nuestros expertos profesionales est\u00e1n comprometido a maximizar el potencial de tu expansi\u00f3n global. <span style=\"font-weight: 400;\">Te ayudamos<\/span>&nbsp;a navegar con confianza las complejidades del mercado global en esta era tecnol\u00f3gica.<\/p>\t\t\t\t\t\t<\/div>\n\t\t\t\t<\/div>\n\t\t\t\t<div class=\"elementor-element elementor-element-2279f58 elementor-align-left animated-slow elementor-invisible elementor-widget elementor-widget-button\" data-id=\"2279f58\" data-element_type=\"widget\" data-settings=\"{&quot;_animation&quot;:&quot;fadeIn&quot;}\" data-widget_type=\"button.default\">\n\t\t\t\t<div class=\"elementor-widget-container\">\n\t\t\t\t\t<div class=\"elementor-button-wrapper\">\n\t\t\t<a class=\"elementor-button elementor-button-link elementor-size-md elementor-animation-grow\" href=\"#contacthome\">\n\t\t\t\t\t\t<span class=\"elementor-button-content-wrapper\">\n\t\t\t\t\t\t\t\t\t<span class=\"elementor-button-text\">CONT\u00c1CTANOS<\/span>\n\t\t\t\t\t<\/span>\n\t\t\t\t\t<\/a>\n\t\t<\/div>\n\t\t\t\t<\/div>\n\t\t\t\t<\/div>\n\t\t\t\t\t<\/div>\n\t\t<\/div>\n\t\t\t\t\t<\/div>\n\t\t<\/section>\n\t\t\t\t<\/div>\n\t\t","protected":false},"excerpt":{"rendered":"<p>CONSULTOR\u00cdA Servicios de consultor\u00eda para contenido multiling\u00fce Asesor\u00eda experta para transformar tu contenido multiling\u00fce en una ventaja competitiva Estamos para ayudarte a tomar decisiones inteligentes en la era tecnol\u00f3gica. Aseguramos que tu expansi\u00f3n global alcance su m\u00e1ximo potencial. Tenemos m\u00e1s de 15 a\u00f1os de experiencia ayudando a nuestros clientes a expandirse globalmente. Nuestro equipo de [&hellip;]<\/p>\n","protected":false},"author":2,"featured_media":0,"parent":0,"menu_order":0,"comment_status":"closed","ping_status":"closed","template":"","meta":{"content-type":"","footnotes":""},"class_list":["post-17541","page","type-page","status-publish","hentry"],"yoast_head":"<!-- This site is optimized with the Yoast SEO plugin v27.1.1 - https:\/\/yoast.com\/product\/yoast-seo-wordpress\/ -->\n<title>Consultor\u00eda &#183; Go Global<\/title>\n<meta name=\"robots\" content=\"index, follow, max-snippet:-1, max-image-preview:large, max-video-preview:-1\" \/>\n<link rel=\"canonical\" href=\"https:\/\/www.goglobal-consulting.com\/es\/consultoria\/\" \/>\n<meta property=\"og:locale\" content=\"es_ES\" \/>\n<meta property=\"og:type\" content=\"article\" \/>\n<meta property=\"og:title\" content=\"Consultor\u00eda &#183; Go Global\" \/>\n<meta property=\"og:description\" content=\"CONSULTOR\u00cdA Servicios de consultor\u00eda para contenido multiling\u00fce Asesor\u00eda experta para transformar tu contenido multiling\u00fce en una ventaja competitiva Estamos para ayudarte a tomar decisiones inteligentes en la era tecnol\u00f3gica. Aseguramos que tu expansi\u00f3n global alcance su m\u00e1ximo potencial. Tenemos m\u00e1s de 15 a\u00f1os de experiencia ayudando a nuestros clientes a expandirse globalmente. Nuestro equipo de [&hellip;]\" \/>\n<meta property=\"og:url\" content=\"https:\/\/www.goglobal-consulting.com\/es\/consultoria\/\" \/>\n<meta property=\"og:site_name\" content=\"Go Global\" \/>\n<meta property=\"article:publisher\" content=\"https:\/\/www.facebook.com\/GoGlobalConsulting\/\" \/>\n<meta property=\"article:modified_time\" content=\"2025-06-18T07:48:44+00:00\" \/>\n<meta property=\"og:image\" content=\"https:\/\/www.goglobal-consulting.com\/wp-content\/uploads\/2021\/01\/Go-global-vertical-referencia.jpg\" \/>\n\t<meta property=\"og:image:width\" content=\"1\" \/>\n\t<meta property=\"og:image:height\" content=\"1\" \/>\n\t<meta property=\"og:image:type\" content=\"image\/jpeg\" \/>\n<meta name=\"twitter:card\" content=\"summary_large_image\" \/>\n<meta name=\"twitter:label1\" content=\"Tiempo de lectura\" \/>\n\t<meta name=\"twitter:data1\" content=\"2 minutos\" \/>\n<script type=\"application\/ld+json\" class=\"yoast-schema-graph\">{\"@context\":\"https:\/\/schema.org\",\"@graph\":[{\"@type\":\"WebPage\",\"@id\":\"https:\/\/www.goglobal-consulting.com\/es\/consultoria\/\",\"url\":\"https:\/\/www.goglobal-consulting.com\/es\/consultoria\/\",\"name\":\"Consultor\u00eda &#183; Go Global\",\"isPartOf\":{\"@id\":\"https:\/\/www.goglobal-consulting.com\/es\/#website\"},\"datePublished\":\"2024-09-12T13:10:13+00:00\",\"dateModified\":\"2025-06-18T07:48:44+00:00\",\"breadcrumb\":{\"@id\":\"https:\/\/www.goglobal-consulting.com\/es\/consultoria\/#breadcrumb\"},\"inLanguage\":\"es\",\"potentialAction\":[{\"@type\":\"ReadAction\",\"target\":[\"https:\/\/www.goglobal-consulting.com\/es\/consultoria\/\"]}]},{\"@type\":\"BreadcrumbList\",\"@id\":\"https:\/\/www.goglobal-consulting.com\/es\/consultoria\/#breadcrumb\",\"itemListElement\":[{\"@type\":\"ListItem\",\"position\":1,\"name\":\"Home\",\"item\":\"https:\/\/www.goglobal-consulting.com\/es\/\"},{\"@type\":\"ListItem\",\"position\":2,\"name\":\"Consultor\u00eda\"}]},{\"@type\":\"WebSite\",\"@id\":\"https:\/\/www.goglobal-consulting.com\/es\/#website\",\"url\":\"https:\/\/www.goglobal-consulting.com\/es\/\",\"name\":\"Go Global\",\"description\":\"\",\"publisher\":{\"@id\":\"https:\/\/www.goglobal-consulting.com\/es\/#organization\"},\"potentialAction\":[{\"@type\":\"SearchAction\",\"target\":{\"@type\":\"EntryPoint\",\"urlTemplate\":\"https:\/\/www.goglobal-consulting.com\/es\/?s={search_term_string}\"},\"query-input\":{\"@type\":\"PropertyValueSpecification\",\"valueRequired\":true,\"valueName\":\"search_term_string\"}}],\"inLanguage\":\"es\"},{\"@type\":\"Organization\",\"@id\":\"https:\/\/www.goglobal-consulting.com\/es\/#organization\",\"name\":\"Go Global\",\"url\":\"https:\/\/www.goglobal-consulting.com\/es\/\",\"logo\":{\"@type\":\"ImageObject\",\"inLanguage\":\"es\",\"@id\":\"https:\/\/www.goglobal-consulting.com\/es\/#\/schema\/logo\/image\/\",\"url\":\"https:\/\/www.goglobal-consulting.com\/wp-content\/uploads\/2021\/01\/gghorizmedia-1.png\",\"contentUrl\":\"https:\/\/www.goglobal-consulting.com\/wp-content\/uploads\/2021\/01\/gghorizmedia-1.png\",\"width\":923,\"height\":193,\"caption\":\"Go Global\"},\"image\":{\"@id\":\"https:\/\/www.goglobal-consulting.com\/es\/#\/schema\/logo\/image\/\"},\"sameAs\":[\"https:\/\/www.facebook.com\/GoGlobalConsulting\/\",\"https:\/\/www.linkedin.com\/company\/go-global---language-consulting\/\"]}]}<\/script>\n<!-- \/ Yoast SEO plugin. -->","yoast_head_json":{"title":"Consultor\u00eda &#183; Go Global","robots":{"index":"index","follow":"follow","max-snippet":"max-snippet:-1","max-image-preview":"max-image-preview:large","max-video-preview":"max-video-preview:-1"},"canonical":"https:\/\/www.goglobal-consulting.com\/es\/consultoria\/","og_locale":"es_ES","og_type":"article","og_title":"Consultor\u00eda &#183; Go Global","og_description":"CONSULTOR\u00cdA Servicios de consultor\u00eda para contenido multiling\u00fce Asesor\u00eda experta para transformar tu contenido multiling\u00fce en una ventaja competitiva Estamos para ayudarte a tomar decisiones inteligentes en la era tecnol\u00f3gica. Aseguramos que tu expansi\u00f3n global alcance su m\u00e1ximo potencial. Tenemos m\u00e1s de 15 a\u00f1os de experiencia ayudando a nuestros clientes a expandirse globalmente. Nuestro equipo de [&hellip;]","og_url":"https:\/\/www.goglobal-consulting.com\/es\/consultoria\/","og_site_name":"Go Global","article_publisher":"https:\/\/www.facebook.com\/GoGlobalConsulting\/","article_modified_time":"2025-06-18T07:48:44+00:00","og_image":[{"url":"https:\/\/www.goglobal-consulting.com\/wp-content\/uploads\/2021\/01\/Go-global-vertical-referencia.jpg","width":1,"height":1,"type":"image\/jpeg"}],"twitter_card":"summary_large_image","twitter_misc":{"Tiempo de lectura":"2 minutos"},"schema":{"@context":"https:\/\/schema.org","@graph":[{"@type":"WebPage","@id":"https:\/\/www.goglobal-consulting.com\/es\/consultoria\/","url":"https:\/\/www.goglobal-consulting.com\/es\/consultoria\/","name":"Consultor\u00eda &#183; Go Global","isPartOf":{"@id":"https:\/\/www.goglobal-consulting.com\/es\/#website"},"datePublished":"2024-09-12T13:10:13+00:00","dateModified":"2025-06-18T07:48:44+00:00","breadcrumb":{"@id":"https:\/\/www.goglobal-consulting.com\/es\/consultoria\/#breadcrumb"},"inLanguage":"es","potentialAction":[{"@type":"ReadAction","target":["https:\/\/www.goglobal-consulting.com\/es\/consultoria\/"]}]},{"@type":"BreadcrumbList","@id":"https:\/\/www.goglobal-consulting.com\/es\/consultoria\/#breadcrumb","itemListElement":[{"@type":"ListItem","position":1,"name":"Home","item":"https:\/\/www.goglobal-consulting.com\/es\/"},{"@type":"ListItem","position":2,"name":"Consultor\u00eda"}]},{"@type":"WebSite","@id":"https:\/\/www.goglobal-consulting.com\/es\/#website","url":"https:\/\/www.goglobal-consulting.com\/es\/","name":"Go Global","description":"","publisher":{"@id":"https:\/\/www.goglobal-consulting.com\/es\/#organization"},"potentialAction":[{"@type":"SearchAction","target":{"@type":"EntryPoint","urlTemplate":"https:\/\/www.goglobal-consulting.com\/es\/?s={search_term_string}"},"query-input":{"@type":"PropertyValueSpecification","valueRequired":true,"valueName":"search_term_string"}}],"inLanguage":"es"},{"@type":"Organization","@id":"https:\/\/www.goglobal-consulting.com\/es\/#organization","name":"Go Global","url":"https:\/\/www.goglobal-consulting.com\/es\/","logo":{"@type":"ImageObject","inLanguage":"es","@id":"https:\/\/www.goglobal-consulting.com\/es\/#\/schema\/logo\/image\/","url":"https:\/\/www.goglobal-consulting.com\/wp-content\/uploads\/2021\/01\/gghorizmedia-1.png","contentUrl":"https:\/\/www.goglobal-consulting.com\/wp-content\/uploads\/2021\/01\/gghorizmedia-1.png","width":923,"height":193,"caption":"Go Global"},"image":{"@id":"https:\/\/www.goglobal-consulting.com\/es\/#\/schema\/logo\/image\/"},"sameAs":["https:\/\/www.facebook.com\/GoGlobalConsulting\/","https:\/\/www.linkedin.com\/company\/go-global---language-consulting\/"]}]}},"_links":{"self":[{"href":"https:\/\/www.goglobal-consulting.com\/es\/wp-json\/wp\/v2\/pages\/17541","targetHints":{"allow":["GET"]}}],"collection":[{"href":"https:\/\/www.goglobal-consulting.com\/es\/wp-json\/wp\/v2\/pages"}],"about":[{"href":"https:\/\/www.goglobal-consulting.com\/es\/wp-json\/wp\/v2\/types\/page"}],"author":[{"embeddable":true,"href":"https:\/\/www.goglobal-consulting.com\/es\/wp-json\/wp\/v2\/users\/2"}],"replies":[{"embeddable":true,"href":"https:\/\/www.goglobal-consulting.com\/es\/wp-json\/wp\/v2\/comments?post=17541"}],"version-history":[{"count":0,"href":"https:\/\/www.goglobal-consulting.com\/es\/wp-json\/wp\/v2\/pages\/17541\/revisions"}],"wp:attachment":[{"href":"https:\/\/www.goglobal-consulting.com\/es\/wp-json\/wp\/v2\/media?parent=17541"}],"curies":[{"name":"wp","href":"https:\/\/api.w.org\/{rel}","templated":true}]}}